{"id":13617,"date":"2024-11-04T10:25:08","date_gmt":"2024-11-04T13:25:08","guid":{"rendered":"https:\/\/indigo-agency.com\/si20te24\/wp\/carrers-indigo\/"},"modified":"2025-01-19T22:39:20","modified_gmt":"2025-01-20T01:39:20","slug":"carrers-indigo","status":"publish","type":"page","link":"https:\/\/indigo-agency.com\/es\/carrers-indigo\/","title":{"rendered":"Empleo"},"content":{"rendered":"\t\t<div data-elementor-type=\"wp-page\" data-elementor-id=\"13617\" class=\"elementor elementor-13617 elementor-11798\">\n\t\t\t\t<div class=\"elementor-element elementor-element-7c89ff0 e-con-full e-flex convert--none bg--none no e-con e-parent\" data-id=\"7c89ff0\" data-element_type=\"container\" data-settings=\"{&quot;background_background&quot;:&quot;classic&quot;}\">\n\t\t<div class=\"elementor-element elementor-element-1fa92f0 e-con-full e-flex convert--none bg--none no e-con e-child\" data-id=\"1fa92f0\" data-element_type=\"container\">\n\t\t\t\t<div class=\"elementor-element elementor-element-98921f5 careers-anim-text elementor-widget elementor-widget-petextwrapper\" data-id=\"98921f5\" data-element_type=\"widget\" data-widget_type=\"petextwrapper.default\">\n\t\t\t\t<div class=\"elementor-widget-container\">\n\t\t\t\n<div class=\"text-wrapper\">\n\n    <p class=\"text-h1  no-margin \"data-animate=\"true\" data-animation=\"wordsUp\" data-settings=\"{duration=1.5;delay=0;stagger=0.03;pin=false;pinTarget=;scrub=false;item_ref_start=top;window_ref_start=bottom;item_ref_end=bottom;window_ref_end=top;out=false;inserted=true}\"> Empleos en <span class=\"no-underline inner--element customized--word elementor-repeater-item-232972e\" >indigo<\/span><\/p>\n\n<\/div>\n\n\t\t<\/div>\n\t\t\t\t<\/div>\n\t\t<div class=\"elementor-element elementor-element-65970aa e-con-full e-flex convert--none bg--none no e-con e-child\" data-id=\"65970aa\" data-element_type=\"container\">\n\t\t\t\t<div class=\"elementor-element elementor-element-43a684c elementor-widget elementor-widget-petextwrapper\" data-id=\"43a684c\" data-element_type=\"widget\" data-widget_type=\"petextwrapper.default\">\n\t\t\t\t<div class=\"elementor-widget-container\">\n\t\t\t\n<div class=\"text-wrapper\">\n\n    <p class=\"text-p p-large no-margin \"data-animate=\"true\" data-animation=\"linesUp\" data-settings=\"{duration=1.5;delay=0.3;stagger=0.1;pin=false;pinTarget=;scrub=false;item_ref_start=top;window_ref_start=bottom;item_ref_end=bottom;window_ref_end=top;out=false;inserted=false}\"> Estamos en constante b\u00fasqueda de talentos en todo el mundo.<\/p>\n\n<\/div>\n\n\t\t<\/div>\n\t\t\t\t<\/div>\n\t\t\t\t<div class=\"elementor-element elementor-element-db3f9a0 elementor-widget elementor-widget-petextwrapper\" data-id=\"db3f9a0\" data-element_type=\"widget\" data-widget_type=\"petextwrapper.default\">\n\t\t\t\t<div class=\"elementor-widget-container\">\n\t\t\t\n<div class=\"text-wrapper\">\n\n    <p class=\"text-p p-large  \"data-animate=\"true\" data-animation=\"linesUp\" data-settings=\"{duration=1.5;delay=0.3;stagger=0.1;pin=false;pinTarget=;scrub=false;item_ref_start=top;window_ref_start=bottom;item_ref_end=bottom;window_ref_end=top;out=false;inserted=false}\"> Si desea m\u00e1s informaci\u00f3n, contactonos a <br< <u>\n<a href=\"mailto:hello@indigo-agency.com\">hello@indigo-agency.com<\/a><\/u><\/p>\n\n<\/div>\n\n\t\t<\/div>\n\t\t\t\t<\/div>\n\t\t\t\t<\/div>\n\t\t\t\t<\/div>\n\t\t\t\t<\/div>\n\t\t<div class=\"elementor-element elementor-element-f521078 e-flex e-con-boxed convert--none bg--none no e-con e-parent\" data-id=\"f521078\" data-element_type=\"container\">\n\t\t\t\t\t<div class=\"e-con-inner\">\n\t\t<div class=\"elementor-element elementor-element-51e91c8 e-con-full e-flex convert--none bg--none no e-con e-child\" data-id=\"51e91c8\" data-element_type=\"container\" data-settings=\"{&quot;background_background&quot;:&quot;classic&quot;}\">\n\t\t\t\t<div class=\"elementor-element elementor-element-3c20f4b elementor-widget elementor-widget-pecircletext\" data-id=\"3c20f4b\" data-element_type=\"widget\" data-widget_type=\"pecircletext.default\">\n\t\t\t\t<div class=\"elementor-widget-container\">\n\t\t\t\n<div class=\"pe-circular-text   \" data-duration=20 data-height=150 >\n\n    <div class=\"circular-text-wrap\">\n\n        <div class=\"circular-text-content\">\n\n            <div class=\"circle-text\"> CONTACTANOS CONTACTANOS <\/div>\n\n\n            \n\n        <\/div>\n\n    <\/div>\n\n\n    <div class='circular-text-icon'><a href=\"https:\/\/indigo-agency.com\/si20te25\/contact-indigo\/\" rel=\"nofollow\" ><svg xmlns=\"http:\/\/www.w3.org\/2000\/svg\" id=\"Layer_2\" viewBox=\"0 0 30.87 32.1\"><defs><style>.cls-1{fill:#fff;stroke-width:0px;}<\/style><\/defs><g id=\"Layer_1-2\"><path class=\"cls-1\" d=\"m0,16.05c0-2.22.4-4.29,1.19-6.23.8-1.94,1.9-3.64,3.33-5.12,1.42-1.48,3.06-2.63,4.92-3.46,1.86-.83,3.86-1.24,5.99-1.24s4.13.41,5.99,1.24c1.86.83,3.5,1.98,4.92,3.46,1.42,1.48,2.53,3.18,3.33,5.12.79,1.94,1.19,4.01,1.19,6.23s-.4,4.29-1.19,6.23c-.8,1.93-1.9,3.64-3.33,5.12-1.42,1.48-3.06,2.63-4.92,3.46-1.86.83-3.86,1.24-5.99,1.24s-4.13-.42-5.99-1.24c-1.86-.83-3.5-1.98-4.92-3.46-1.42-1.48-2.53-3.19-3.33-5.12-.79-1.94-1.19-4.01-1.19-6.23Zm7.97-.4v.8h13.86l-6.99,7.36.51.49,7.59-7.93v-.62l-7.55-7.94-.55.53,6.95,7.31H7.97Z\"><\/path><\/g><\/svg><\/a><\/div>\n<\/div>\n\n\t\t<\/div>\n\t\t\t\t<\/div>\n\t\t\t\t<\/div>\n\t\t<div class=\"elementor-element elementor-element-2597053 e-con-full e-flex convert--none bg--none no e-con e-child\" data-id=\"2597053\" data-element_type=\"container\">\n\t\t\t\t<div class=\"elementor-element elementor-element-5295f49 elementor-widget elementor-widget-pesingleimage\" data-id=\"5295f49\" data-element_type=\"widget\" data-widget_type=\"pesingleimage.default\">\n\t\t\t\t<div class=\"elementor-widget-container\">\n\t\t\t\n        <div class=\"single-image single--image\" >\n\n                                                <img decoding=\"async\" src=\"https:\/\/indigo-agency.com\/si20te25\/wp-content\/uploads\/2024\/11\/IlustracionFooterBase.png\" title=\"IlustracionFooterBase\" alt=\"\" loading=\"lazy\" \/>\n                    \n\n                        <\/div>\n\n\n        \t\t<\/div>\n\t\t\t\t<\/div>\n\t\t\t\t<\/div>\n\t\t\t\t\t<\/div>\n\t\t\t\t<\/div>\n\t\t\t\t<\/div>\n\t\t","protected":false},"excerpt":{"rendered":"<p>Empleos en indigo Estamos en constante b\u00fasqueda de talentos en todo el mundo. Si desea m\u00e1s informaci\u00f3n, contactonos a<\/p>\n","protected":false},"author":1,"featured_media":0,"parent":0,"menu_order":0,"comment_status":"closed","ping_status":"closed","template":"","meta":{"_acf_changed":false,"om_disable_all_campaigns":false,"_monsterinsights_skip_tracking":false,"_monsterinsights_sitenote_active":false,"_monsterinsights_sitenote_note":"","_monsterinsights_sitenote_category":0,"footnotes":""},"class_list":["post-13617","page","type-page","status-publish","hentry"],"acf":[],"aioseo_notices":[],"_links":{"self":[{"href":"https:\/\/indigo-agency.com\/es\/wp-json\/wp\/v2\/pages\/13617","targetHints":{"allow":["GET"]}}],"collection":[{"href":"https:\/\/indigo-agency.com\/es\/wp-json\/wp\/v2\/pages"}],"about":[{"href":"https:\/\/indigo-agency.com\/es\/wp-json\/wp\/v2\/types\/page"}],"author":[{"embeddable":true,"href":"https:\/\/indigo-agency.com\/es\/wp-json\/wp\/v2\/users\/1"}],"replies":[{"embeddable":true,"href":"https:\/\/indigo-agency.com\/es\/wp-json\/wp\/v2\/comments?post=13617"}],"version-history":[{"count":25,"href":"https:\/\/indigo-agency.com\/es\/wp-json\/wp\/v2\/pages\/13617\/revisions"}],"predecessor-version":[{"id":14923,"href":"https:\/\/indigo-agency.com\/es\/wp-json\/wp\/v2\/pages\/13617\/revisions\/14923"}],"wp:attachment":[{"href":"https:\/\/indigo-agency.com\/es\/wp-json\/wp\/v2\/media?parent=13617"}],"curies":[{"name":"wp","href":"https:\/\/api.w.org\/{rel}","templated":true}]}}